{"id":587,"date":"2019-05-14T06:07:17","date_gmt":"2019-05-14T06:07:17","guid":{"rendered":"http:\/\/parkpiva.hola.rs\/?page_id=587"},"modified":"2026-02-24T11:13:01","modified_gmt":"2026-02-24T09:13:01","slug":"turisticke-atrakcije-grada-i-okoline","status":"publish","type":"page","link":"https:\/\/parkpiva.hola.rs\/?page_id=587","title":{"rendered":"3 TURISTI\u010cKE ATRAKCIJE"},"content":{"rendered":"\n<div class=\"wp-block-columns header-columns is-layout-flex wp-container-core-columns-is-layout-9d6595d7 wp-block-columns-is-layout-flex\">\n<div class=\"wp-block-column is-layout-flow wp-block-column-is-layout-flow\" style=\"flex-basis:10%\">\n<figure class=\"wp-block-image size-full back-image\"><img loading=\"lazy\" decoding=\"async\" width=\"57\" height=\"57\" src=\"http:\/\/parkpiva.hola.rs\/wp-content\/uploads\/2023\/05\/Back.png\" alt=\"\" class=\"wp-image-3616\"\/><\/figure>\n<\/div>\n\n\n\n<div class=\"wp-block-column is-layout-flow wp-block-column-is-layout-flow\" style=\"flex-basis:30%\"><\/div>\n\n\n\n<div class=\"wp-block-column last-header-column is-layout-flow wp-block-column-is-layout-flow\" style=\"flex-basis:60%\">\n\n<\/div>\n<\/div>\n\n\n\n<section class=\"wp-block-qi-blocks-columns qodef-gutenberg-section qodef--template qodef-block-63e89d48 qodef-col-num--1 qodef-col-layout--100 qodef-content--full-width\"><div class=\"qodef-section-background-overlay\"><\/div><div class=\"qodef-gutenberg-row\">\n<div class=\"wp-block-qi-blocks-column qodef-gutenberg-column qodef-block-7ea017db\"><div class=\"qodef-gutenberg-column-inner\">\n<figure class=\"wp-block-gallery has-nested-images columns-default is-cropped wp-block-gallery-1 is-layout-flex wp-block-gallery-is-layout-flex\">\n<figure class=\"wp-block-image size-full\"><img loading=\"lazy\" decoding=\"async\" width=\"1500\" height=\"800\" data-id=\"19096\" src=\"https:\/\/parkpiva.hola.rs\/wp-content\/uploads\/2026\/02\/znamenitosti5.jpg\" alt=\"\" class=\"wp-image-19096\" srcset=\"https:\/\/parkpiva.hola.rs\/wp-content\/uploads\/2026\/02\/znamenitosti5.jpg 1500w, https:\/\/parkpiva.hola.rs\/wp-content\/uploads\/2026\/02\/znamenitosti5-300x160.jpg 300w, https:\/\/parkpiva.hola.rs\/wp-content\/uploads\/2026\/02\/znamenitosti5-1024x546.jpg 1024w, https:\/\/parkpiva.hola.rs\/wp-content\/uploads\/2026\/02\/znamenitosti5-768x410.jpg 768w\" sizes=\"auto, (max-width: 1500px) 100vw, 1500px\" \/><\/figure>\n<\/figure>\n<\/div><\/div>\n<\/div><\/section>\n\n\n\n<div class=\"wp-block-qi-blocks-spacer qodef-block-container qodef-block-5f68b827\"><div class=\"qi-block-spacer qodef-block qodef-m\"><\/div><\/div>\n\n\n\n<section class=\"wp-block-qi-blocks-columns qodef-gutenberg-section qodef--template qodef-block-379acc16 qodef-col-num--3 qodef-col-layout--16-66-16 qodef-content--boxed\"><div class=\"qodef-section-background-overlay\"><\/div><div class=\"qodef-gutenberg-row\">\n<div class=\"wp-block-qi-blocks-column qodef-gutenberg-column qodef-block-2fde255f\"><div class=\"qodef-gutenberg-column-inner\"><\/div><\/div>\n\n\n\n<div class=\"wp-block-qi-blocks-column qodef-gutenberg-column qodef-block-887814f6\"><div class=\"qodef-gutenberg-column-inner\">\n<p>U Parku prirode Piva mo\u017eete posjetiti znamenitosti u Plu\u017einama ali i u njegovoj okolini. Sam grad i okolina svjedo\u010de o dugom trajanju i istrajnosti ovog podneblja, koje je, uprkos \u010desto surovim okolnostima, uspelo da sa\u010duva svoj duh i autenti\u010dnost.<\/p>\n<\/div><\/div>\n\n\n\n<div class=\"wp-block-qi-blocks-column qodef-gutenberg-column qodef-block-45d41f64\"><div class=\"qodef-gutenberg-column-inner\"><\/div><\/div>\n<\/div><\/section>\n\n\n\n<div class=\"wp-block-qi-blocks-spacer qodef-block-container qodef-block-59e2d45f\"><div class=\"qi-block-spacer qodef-block qodef-m\"><\/div><\/div>\n\n\n\n<section class=\"wp-block-qi-blocks-columns qodef-gutenberg-section qodef--template qodef-block-685f6a46 qodef-col-num--3 qodef-col-layout--33 qodef-content--boxed\"><div class=\"qodef-section-background-overlay\"><\/div><div class=\"qodef-gutenberg-row\">\n<div class=\"wp-block-qi-blocks-column qodef-gutenberg-column qodef-block-605ebf6c\"><div class=\"qodef-gutenberg-column-inner\"><div class=\"wp-block-image\">\n<figure class=\"aligncenter size-full\"><a href=\"http:\/\/parkpiva.hola.rs\/?page_id=2501\"><img loading=\"lazy\" decoding=\"async\" width=\"500\" height=\"700\" src=\"http:\/\/parkpiva.hola.rs\/wp-content\/uploads\/2025\/10\/religijski-spomenici.png\" alt=\"\" class=\"wp-image-16803\" style=\"object-fit:cover\" srcset=\"https:\/\/parkpiva.hola.rs\/wp-content\/uploads\/2025\/10\/religijski-spomenici.png 500w, https:\/\/parkpiva.hola.rs\/wp-content\/uploads\/2025\/10\/religijski-spomenici-214x300.png 214w\" sizes=\"auto, (max-width: 500px) 100vw, 500px\" \/><\/a><\/figure><\/div><\/div><\/div>\n\n\n\n<div class=\"wp-block-qi-blocks-column qodef-gutenberg-column qodef-block-b463353d\"><div class=\"qodef-gutenberg-column-inner\"><div class=\"wp-block-image\">\n<figure class=\"aligncenter size-full\"><a href=\"http:\/\/parkpiva.hola.rs\/?page_id=16822\"><img loading=\"lazy\" decoding=\"async\" width=\"500\" height=\"700\" src=\"http:\/\/parkpiva.hola.rs\/wp-content\/uploads\/2025\/10\/ISTORIJSKI-SPOMENICI.png\" alt=\"\" class=\"wp-image-16802\" style=\"object-fit:cover\" srcset=\"https:\/\/parkpiva.hola.rs\/wp-content\/uploads\/2025\/10\/ISTORIJSKI-SPOMENICI.png 500w, https:\/\/parkpiva.hola.rs\/wp-content\/uploads\/2025\/10\/ISTORIJSKI-SPOMENICI-214x300.png 214w\" sizes=\"auto, (max-width: 500px) 100vw, 500px\" \/><\/a><\/figure><\/div><\/div><\/div>\n\n\n\n<div class=\"wp-block-qi-blocks-column qodef-gutenberg-column qodef-block-52e8487f\"><div class=\"qodef-gutenberg-column-inner\">\n<figure class=\"wp-block-image size-full\"><a href=\"http:\/\/parkpiva.hola.rs\/?page_id=5038\"><img loading=\"lazy\" decoding=\"async\" width=\"500\" height=\"700\" src=\"http:\/\/parkpiva.hola.rs\/wp-content\/uploads\/2025\/10\/ARHEOLOSKI-SPOMENICI.png\" alt=\"\" class=\"wp-image-16804\" srcset=\"https:\/\/parkpiva.hola.rs\/wp-content\/uploads\/2025\/10\/ARHEOLOSKI-SPOMENICI.png 500w, https:\/\/parkpiva.hola.rs\/wp-content\/uploads\/2025\/10\/ARHEOLOSKI-SPOMENICI-214x300.png 214w\" sizes=\"auto, (max-width: 500px) 100vw, 500px\" \/><\/a><\/figure>\n<\/div><\/div>\n<\/div><\/section>\n\n\n\n<p><\/p>\n","protected":false},"excerpt":{"rendered":"","protected":false},"author":1,"featured_media":0,"parent":0,"menu_order":0,"comment_status":"closed","ping_status":"closed","template":"","meta":{"footnotes":""},"class_list":["post-587","page","type-page","status-publish","hentry","entry"],"_links":{"self":[{"href":"https:\/\/parkpiva.hola.rs\/index.php?rest_route=\/wp\/v2\/pages\/587","targetHints":{"allow":["GET"]}}],"collection":[{"href":"https:\/\/parkpiva.hola.rs\/index.php?rest_route=\/wp\/v2\/pages"}],"about":[{"href":"https:\/\/parkpiva.hola.rs\/index.php?rest_route=\/wp\/v2\/types\/page"}],"author":[{"embeddable":true,"href":"https:\/\/parkpiva.hola.rs\/index.php?rest_route=\/wp\/v2\/users\/1"}],"replies":[{"embeddable":true,"href":"https:\/\/parkpiva.hola.rs\/index.php?rest_route=%2Fwp%2Fv2%2Fcomments&post=587"}],"version-history":[{"count":189,"href":"https:\/\/parkpiva.hola.rs\/index.php?rest_route=\/wp\/v2\/pages\/587\/revisions"}],"predecessor-version":[{"id":19097,"href":"https:\/\/parkpiva.hola.rs\/index.php?rest_route=\/wp\/v2\/pages\/587\/revisions\/19097"}],"wp:attachment":[{"href":"https:\/\/parkpiva.hola.rs\/index.php?rest_route=%2Fwp%2Fv2%2Fmedia&parent=587"}],"curies":[{"name":"wp","href":"https:\/\/api.w.org\/{rel}","templated":true}]}}